{"id":194,"date":"2023-12-13T09:16:22","date_gmt":"2023-12-13T09:16:22","guid":{"rendered":"https:\/\/leohelena.com\/wordpress\/?page_id=194"},"modified":"2023-12-14T08:29:08","modified_gmt":"2023-12-14T08:29:08","slug":"ueber-uns","status":"publish","type":"page","link":"https:\/\/leohelena.com\/wordpress\/?page_id=194","title":{"rendered":"\u00dcber uns"},"content":{"rendered":"\n<div class=\"wp-block-cover\" style=\"min-height:263px;aspect-ratio:unset;\"><span aria-hidden=\"true\" class=\"wp-block-cover__background has-contrast-2-background-color has-background-dim\"><\/span><img loading=\"lazy\" decoding=\"async\" width=\"2380\" height=\"1258\" class=\"wp-block-cover__image-background wp-image-202\" alt=\"\" src=\"https:\/\/leohelena.com\/wordpress\/wp-content\/uploads\/2023\/12\/PXL_20231108_130537263-1-scaled-e1702458826167.jpg\" data-object-fit=\"cover\" srcset=\"https:\/\/leohelena.com\/wordpress\/wp-content\/uploads\/2023\/12\/PXL_20231108_130537263-1-scaled-e1702458826167.jpg 2380w, https:\/\/leohelena.com\/wordpress\/wp-content\/uploads\/2023\/12\/PXL_20231108_130537263-1-scaled-e1702458826167-300x159.jpg 300w, https:\/\/leohelena.com\/wordpress\/wp-content\/uploads\/2023\/12\/PXL_20231108_130537263-1-scaled-e1702458826167-1024x541.jpg 1024w, https:\/\/leohelena.com\/wordpress\/wp-content\/uploads\/2023\/12\/PXL_20231108_130537263-1-scaled-e1702458826167-768x406.jpg 768w, https:\/\/leohelena.com\/wordpress\/wp-content\/uploads\/2023\/12\/PXL_20231108_130537263-1-scaled-e1702458826167-1536x812.jpg 1536w, https:\/\/leohelena.com\/wordpress\/wp-content\/uploads\/2023\/12\/PXL_20231108_130537263-1-scaled-e1702458826167-2048x1083.jpg 2048w, https:\/\/leohelena.com\/wordpress\/wp-content\/uploads\/2023\/12\/PXL_20231108_130537263-1-scaled-e1702458826167-600x317.jpg 600w\" sizes=\"auto, (max-width: 2380px) 100vw, 2380px\" \/><div class=\"wp-block-cover__inner-container has-global-padding is-layout-constrained wp-block-cover-is-layout-constrained\">\n<p class=\"has-text-align-center has-large-font-size\">LEOHELENA.COM<\/p>\n<\/div><\/div>\n\n\n\n<p><strong>\u00dcber uns: Leo &amp; Helena&#8217;s B\u00fcgelperlen-Shop<\/strong><\/p>\n\n\n\n<p>Hallo, wir sind Leo und Helena, zwei Geschwister, die zusammen die bunte Welt der B\u00fcgelperlen erobern. Unser Papa hatte die Idee hatte, einen Onlineshop f\u00fcr unsere Figuren aus B\u00fcgelperlen zu er\u00f6ffnen.<\/p>\n\n\n\n<p>Leo hat einen ganz wichtigen Grund, warum er den Shop cool findet. Er m\u00f6chte Geld sparen, um sich endlich mehr Lego Minecraft und Lego Mario Sets und andere Spielsachen kaufen zu k\u00f6nnen.<\/p>\n\n\n\n<p>Und Helena? Ganz einfach: Sie m\u00f6chte vor allem Spass haben! Basteln und kreative Sachen machen findet sie toll. In unserem Shop gibt es viele verschiedene Figuren, von Minecraft \u00fcber Nintendo bis zu Paw Patrol \u2013 da ist f\u00fcr jeden etwas dabei!<\/p>\n\n\n\n<p>Unser Shop ist nicht nur f\u00fcr Freunde und Familie, sondern auch f\u00fcr alle anderen, die Freude an B\u00fcgelperlen-Kreationen haben. Wir haben uns M\u00fche gegeben, die besten Muster auszuw\u00e4hlen und unseren Shop bunt und fr\u00f6hlich zu gestalten. Leo und ich finden es super, wenn Leute aus der ganzen Welt unsere Kunstwerke bestellen.<\/p>\n\n\n\n<p>Unser Papa hilft uns nat\u00fcrlich, vor allem bei den technischen Sachen im Onlineshop. Mama und Papa b\u00fcgeln fleissig. Wir finden es super, dass wir Spass haben k\u00f6nnen und gleichzeitig etwas Geld verdienen!<\/p>\n\n\n\n<p>Wir freuen uns riesig \u00fcber jeden, der bei uns einkauft! \u00dcbrigens, wenn du ein ganz besonderes Muster im Kopf hast, sag uns einfach Bescheid! Leo und Helena probieren gerne neue Muster aus.<\/p>\n\n\n\n<p>Bis bald, Leo &amp; Helena<\/p>\n\n\n\n<figure class=\"wp-block-gallery has-nested-images columns-default is-cropped wp-block-gallery-1 is-layout-flex wp-block-gallery-is-layout-flex\">\n<figure class=\"wp-block-image size-large\"><img loading=\"lazy\" decoding=\"async\" width=\"771\" height=\"1024\" data-id=\"195\" src=\"https:\/\/leohelena.com\/wordpress\/wp-content\/uploads\/2023\/12\/PXL_20231106_190004495-771x1024.jpg\" alt=\"\" class=\"wp-image-195\" srcset=\"https:\/\/leohelena.com\/wordpress\/wp-content\/uploads\/2023\/12\/PXL_20231106_190004495-771x1024.jpg 771w, https:\/\/leohelena.com\/wordpress\/wp-content\/uploads\/2023\/12\/PXL_20231106_190004495-226x300.jpg 226w, https:\/\/leohelena.com\/wordpress\/wp-content\/uploads\/2023\/12\/PXL_20231106_190004495-768x1020.jpg 768w, https:\/\/leohelena.com\/wordpress\/wp-content\/uploads\/2023\/12\/PXL_20231106_190004495-1157x1536.jpg 1157w, https:\/\/leohelena.com\/wordpress\/wp-content\/uploads\/2023\/12\/PXL_20231106_190004495-1542x2048.jpg 1542w, https:\/\/leohelena.com\/wordpress\/wp-content\/uploads\/2023\/12\/PXL_20231106_190004495-600x797.jpg 600w, https:\/\/leohelena.com\/wordpress\/wp-content\/uploads\/2023\/12\/PXL_20231106_190004495-scaled.jpg 1928w\" sizes=\"auto, (max-width: 771px) 100vw, 771px\" \/><\/figure>\n\n\n\n<figure class=\"wp-block-image size-large\"><img loading=\"lazy\" decoding=\"async\" width=\"1928\" height=\"2560\" data-id=\"199\" src=\"https:\/\/leohelena.com\/wordpress\/wp-content\/uploads\/2023\/12\/PXL_20231209_141558187-scaled.jpg\" alt=\"\" class=\"wp-image-199\" srcset=\"https:\/\/leohelena.com\/wordpress\/wp-content\/uploads\/2023\/12\/PXL_20231209_141558187-scaled.jpg 1928w, https:\/\/leohelena.com\/wordpress\/wp-content\/uploads\/2023\/12\/PXL_20231209_141558187-226x300.jpg 226w\" sizes=\"auto, (max-width: 1928px) 100vw, 1928px\" \/><\/figure>\n\n\n\n<figure class=\"wp-block-image size-large\"><img loading=\"lazy\" decoding=\"async\" width=\"1024\" height=\"771\" data-id=\"196\" src=\"https:\/\/leohelena.com\/wordpress\/wp-content\/uploads\/2023\/12\/PXL_20231106_192054858-1024x771.jpg\" alt=\"\" class=\"wp-image-196\" srcset=\"https:\/\/leohelena.com\/wordpress\/wp-content\/uploads\/2023\/12\/PXL_20231106_192054858-1024x771.jpg 1024w, https:\/\/leohelena.com\/wordpress\/wp-content\/uploads\/2023\/12\/PXL_20231106_192054858-300x226.jpg 300w, https:\/\/leohelena.com\/wordpress\/wp-content\/uploads\/2023\/12\/PXL_20231106_192054858-768x578.jpg 768w, https:\/\/leohelena.com\/wordpress\/wp-content\/uploads\/2023\/12\/PXL_20231106_192054858-1536x1157.jpg 1536w, https:\/\/leohelena.com\/wordpress\/wp-content\/uploads\/2023\/12\/PXL_20231106_192054858-2048x1542.jpg 2048w, https:\/\/leohelena.com\/wordpress\/wp-content\/uploads\/2023\/12\/PXL_20231106_192054858-600x452.jpg 600w\" sizes=\"auto, (max-width: 1024px) 100vw, 1024px\" \/><\/figure>\n\n\n\n<figure class=\"wp-block-image size-large\"><img loading=\"lazy\" decoding=\"async\" width=\"1024\" height=\"882\" data-id=\"198\" src=\"https:\/\/leohelena.com\/wordpress\/wp-content\/uploads\/2023\/12\/PXL_20231108_131201825-scaled-e1702458859363-1024x882.jpg\" alt=\"\" class=\"wp-image-198\" srcset=\"https:\/\/leohelena.com\/wordpress\/wp-content\/uploads\/2023\/12\/PXL_20231108_131201825-scaled-e1702458859363-1024x882.jpg 1024w, https:\/\/leohelena.com\/wordpress\/wp-content\/uploads\/2023\/12\/PXL_20231108_131201825-scaled-e1702458859363-300x258.jpg 300w, https:\/\/leohelena.com\/wordpress\/wp-content\/uploads\/2023\/12\/PXL_20231108_131201825-scaled-e1702458859363-768x662.jpg 768w, https:\/\/leohelena.com\/wordpress\/wp-content\/uploads\/2023\/12\/PXL_20231108_131201825-scaled-e1702458859363-1536x1323.jpg 1536w, https:\/\/leohelena.com\/wordpress\/wp-content\/uploads\/2023\/12\/PXL_20231108_131201825-scaled-e1702458859363-600x517.jpg 600w, https:\/\/leohelena.com\/wordpress\/wp-content\/uploads\/2023\/12\/PXL_20231108_131201825-scaled-e1702458859363.jpg 1941w\" sizes=\"auto, (max-width: 1024px) 100vw, 1024px\" \/><\/figure>\n\n\n\n<figure class=\"wp-block-image size-large\"><img loading=\"lazy\" decoding=\"async\" width=\"771\" height=\"1024\" data-id=\"200\" src=\"https:\/\/leohelena.com\/wordpress\/wp-content\/uploads\/2023\/12\/PXL_20231209_181745816-771x1024.jpg\" alt=\"\" class=\"wp-image-200\" srcset=\"https:\/\/leohelena.com\/wordpress\/wp-content\/uploads\/2023\/12\/PXL_20231209_181745816-771x1024.jpg 771w, https:\/\/leohelena.com\/wordpress\/wp-content\/uploads\/2023\/12\/PXL_20231209_181745816-226x300.jpg 226w, https:\/\/leohelena.com\/wordpress\/wp-content\/uploads\/2023\/12\/PXL_20231209_181745816-768x1020.jpg 768w, https:\/\/leohelena.com\/wordpress\/wp-content\/uploads\/2023\/12\/PXL_20231209_181745816-1157x1536.jpg 1157w, https:\/\/leohelena.com\/wordpress\/wp-content\/uploads\/2023\/12\/PXL_20231209_181745816-1542x2048.jpg 1542w, https:\/\/leohelena.com\/wordpress\/wp-content\/uploads\/2023\/12\/PXL_20231209_181745816-600x797.jpg 600w, https:\/\/leohelena.com\/wordpress\/wp-content\/uploads\/2023\/12\/PXL_20231209_181745816-scaled.jpg 1928w\" sizes=\"auto, (max-width: 771px) 100vw, 771px\" \/><\/figure>\n<\/figure>\n\n\n\n<p><\/p>\n","protected":false},"excerpt":{"rendered":"<p>\u00dcber uns: Leo &amp; Helena&#8217;s B\u00fcgelperlen-Shop Hallo, wir sind Leo und Helena, zwei Geschwister, die zusammen die bunte Welt der B\u00fcgelperlen erobern. Unser Papa hatte die Idee hatte, einen Onlineshop f\u00fcr unsere Figuren aus B\u00fcgelperlen zu er\u00f6ffnen. Leo hat einen ganz wichtigen Grund, warum er den Shop cool findet. Er m\u00f6chte Geld sparen, um sich [&hellip;]<\/p>\n","protected":false},"author":1,"featured_media":0,"parent":0,"menu_order":0,"comment_status":"closed","ping_status":"closed","template":"","meta":{"footnotes":""},"class_list":["post-194","page","type-page","status-publish","hentry"],"_links":{"self":[{"href":"https:\/\/leohelena.com\/wordpress\/index.php?rest_route=\/wp\/v2\/pages\/194","targetHints":{"allow":["GET"]}}],"collection":[{"href":"https:\/\/leohelena.com\/wordpress\/index.php?rest_route=\/wp\/v2\/pages"}],"about":[{"href":"https:\/\/leohelena.com\/wordpress\/index.php?rest_route=\/wp\/v2\/types\/page"}],"author":[{"embeddable":true,"href":"https:\/\/leohelena.com\/wordpress\/index.php?rest_route=\/wp\/v2\/users\/1"}],"replies":[{"embeddable":true,"href":"https:\/\/leohelena.com\/wordpress\/index.php?rest_route=%2Fwp%2Fv2%2Fcomments&post=194"}],"version-history":[{"count":4,"href":"https:\/\/leohelena.com\/wordpress\/index.php?rest_route=\/wp\/v2\/pages\/194\/revisions"}],"predecessor-version":[{"id":210,"href":"https:\/\/leohelena.com\/wordpress\/index.php?rest_route=\/wp\/v2\/pages\/194\/revisions\/210"}],"wp:attachment":[{"href":"https:\/\/leohelena.com\/wordpress\/index.php?rest_route=%2Fwp%2Fv2%2Fmedia&parent=194"}],"curies":[{"name":"wp","href":"https:\/\/api.w.org\/{rel}","templated":true}]}}